{"id":1721,"date":"2023-07-15T10:34:20","date_gmt":"2023-07-15T08:34:20","guid":{"rendered":"https:\/\/rene-gaston-lagorre.fr\/?page_id=1721"},"modified":"2023-08-26T12:19:32","modified_gmt":"2023-08-26T10:19:32","slug":"signatures-de-lartiste","status":"publish","type":"page","link":"https:\/\/rene-gaston-lagorre.fr\/index.php\/signatures-de-lartiste\/","title":{"rendered":"Signatures de l&#8217;artiste"},"content":{"rendered":"<p>[vc_row][vc_column][vc_column_text]<\/p>\r\n<h2 class=\"wp-block-heading\">Signatures de l&#8217;artiste<\/h2>\r\n\r\n<p>Au fil de sa tr\u00e8s longue carri\u00e8re, le peintre a adopt\u00e9 diff\u00e9rentes signatures dont nous donnons ici un \u00e9chantillonnage\u00a0: de \u00ab\u00a0<strong>Ren\u00e9 Gaston<\/strong>\u00a0\u00bb en passant par \u00ab\u00a0<strong>G. Lagorre<\/strong>\u00a0\u00bb ou &#8220;<strong>G Lagorre<\/strong>&#8221; puis, dans les ann\u00e9es 60, sans doute lass\u00e9 que l\u2019on confonde le \u00ab\u00a0Gaston\u00a0\u00bb de son nom avec un pr\u00e9nom, il adoptera plus simplement la signature \u00ab\u00a0<strong>Lagorre<\/strong>\u00a0\u00bb et finira par n\u2019apposer que son nom simplifi\u00e9 au dos des huiles sur toile .<\/p>\r\n\r\n<p>L\u2019artiste jouera \u00e9galement, selon les \u00e9poques, <strong>sur la mani\u00e8re d\u2019\u00e9crire son nom <\/strong>&#8211; \u00e9criture droite ou cursive &#8211; mais aussi sur <strong>la forme<\/strong> m\u00eame de la signature \u2013 tant\u00f4t en arc et tant\u00f4t droite- s\u00e9parant ou non le &#8220;G&#8221; de &#8220;Lagorre&#8221; avec un point-, il jouera \u00e9galement sur <strong>l\u2019\u00e9paisseur des lettrages, <\/strong>sur <strong>le soulignement (ou pas) <\/strong>de son nom et enfin sur <strong>l\u2019endroit<\/strong> m\u00eame o\u00f9 il choisit d\u2019apposer sa signature, au bas de la toile, le plus souvent \u00e0 droite mais parfois sur la gauche du tableau voire en plein centre.<\/p>\r\n\r\n<p>\u00a0<\/p>\r\n<p>[\/vc_column_text][\/vc_column][\/vc_row][vc_row][vc_column][vc_empty_space]<div class=\"edgt-portfolio-list-holder edgt-pl-gallery edgt-pl-normal-space edgt-pl-three-columns edgt-pl-standard-overlay light    edgt-pl-pag-no-pagination     \"  data-type=gallery data-space-between-items=normal data-number-of-items=-1 data-image-proportions=full data-enable-fixed-proportions=no data-enable-image-shadow=no data-category=signatures data-order-by=date data-order=ASC data-item-style=standard-overlay data-item-style-skin=light data-enable-title=yes data-title-tag=h4 data-title-text-transform=uppercase data-enable-category=yes data-enable-like=no data-enable-count-images=yes data-enable-excerpt=no data-excerpt-length=20 data-pagination-type=no-pagination data-filter=no data-filter-order-by=name data-enable-article-parallax-animation=no data-portfolio-slider-on=no data-enable-loop=yes data-enable-autoplay=yes data-slider-speed=5000 data-slider-speed-animation=600 data-enable-navigation=yes data-enable-pagination=yes data-max-num-pages=0 data-next-page=2>\n\t\t\n\t<div class=\"edgt-pl-inner  clearfix\">\n\t\t\n<article class=\"edgt-pl-item  post-14507 portfolio-item type-portfolio-item status-publish has-post-thumbnail hentry portfolio-category-signatures\">\n\t<div class=\"edgt-pl-item-inner\" >\n\t\t<div class=\"edgt-pli-image\">\n\t\t\t<img width=\"1168\" height=\"756\" src=\"https:\/\/rene-gaston-lagorre.fr\/wp-content\/uploads\/2023\/07\/Californie.Chemin-de-larc-en-cielhst-1965.jpg\" class=\"attachment-full size-full wp-post-image\" alt=\"1965 Californie.Chemin de l&#039;arc en ciel\" decoding=\"async\" loading=\"lazy\" srcset=\"https:\/\/rene-gaston-lagorre.fr\/wp-content\/uploads\/2023\/07\/Californie.Chemin-de-larc-en-cielhst-1965.jpg 1168w, https:\/\/rene-gaston-lagorre.fr\/wp-content\/uploads\/2023\/07\/Californie.Chemin-de-larc-en-cielhst-1965-600x388.jpg 600w, https:\/\/rene-gaston-lagorre.fr\/wp-content\/uploads\/2023\/07\/Californie.Chemin-de-larc-en-cielhst-1965-300x194.jpg 300w, https:\/\/rene-gaston-lagorre.fr\/wp-content\/uploads\/2023\/07\/Californie.Chemin-de-larc-en-cielhst-1965-1024x663.jpg 1024w, https:\/\/rene-gaston-lagorre.fr\/wp-content\/uploads\/2023\/07\/Californie.Chemin-de-larc-en-cielhst-1965-768x497.jpg 768w\" sizes=\"(max-width: 1168px) 100vw, 1168px\" \/>\t\t<\/div>\n<div class=\"edgt-pli-text-holder\">\n\t<div class=\"edgt-pli-text-wrapper\">\n\t\t<div class=\"edgt-pli-text\">\n\t\t\t\t<h4 itemprop=\"name\" class=\"edgt-pli-title entry-title\" style=\"text-transform: uppercase\">\n\t\tSignatures\t<\/h4>\n\n\t\t\t\t\t<div class=\"edgt-pli-category-holder\">\n\t\t\t\t\t\t\t<a itemprop=\"url\" class=\"edgt-pli-category\" href=\"https:\/\/rene-gaston-lagorre.fr\/index.php\/portfolio-category\/signatures\/\">\"Signatures\"<\/a>\n\t\t\t\t\t<\/div>\n\t\n\t\t\t    <div class=\"edgt-gli-number-of-images-holder\" >\n        <span>53 pics.<\/span>\n    <\/div>\n\n\n\t\t\t\t\t<\/div>\n\t<\/div>\n<\/div>\t\t\n\t\t<a itemprop=\"url\" class=\"edgt-pli-link edgt-block-drag-link\" href=\"https:\/\/rene-gaston-lagorre.fr\/index.php\/portfolio-item\/signatures\/\" target=\"_self\"><\/a>\n\t<\/div>\n<\/article>\t<\/div>\n\t\n\t<\/div>[vc_empty_space][\/vc_column][\/vc_row]<\/p>","protected":false},"excerpt":{"rendered":"<p>[vc_row][vc_column][vc_column_text] Signatures de l&#8217;artiste Au fil de sa tr\u00e8s longue carri\u00e8re, le peintre a adopt\u00e9 diff\u00e9rentes signatures dont nous donnons ici un \u00e9chantillonnage\u00a0: de \u00ab\u00a0Ren\u00e9 Gaston\u00a0\u00bb en passant par \u00ab\u00a0G. Lagorre\u00a0\u00bb ou &#8220;G Lagorre&#8221; puis, dans les ann\u00e9es 60, sans doute lass\u00e9 que l\u2019on confonde le [&hellip;]<\/p>\n","protected":false},"author":1,"featured_media":0,"parent":0,"menu_order":0,"comment_status":"closed","ping_status":"closed","template":"","meta":[],"_links":{"self":[{"href":"https:\/\/rene-gaston-lagorre.fr\/index.php\/wp-json\/wp\/v2\/pages\/1721"}],"collection":[{"href":"https:\/\/rene-gaston-lagorre.fr\/index.php\/wp-json\/wp\/v2\/pages"}],"about":[{"href":"https:\/\/rene-gaston-lagorre.fr\/index.php\/wp-json\/wp\/v2\/types\/page"}],"author":[{"embeddable":true,"href":"https:\/\/rene-gaston-lagorre.fr\/index.php\/wp-json\/wp\/v2\/users\/1"}],"replies":[{"embeddable":true,"href":"https:\/\/rene-gaston-lagorre.fr\/index.php\/wp-json\/wp\/v2\/comments?post=1721"}],"version-history":[{"count":3,"href":"https:\/\/rene-gaston-lagorre.fr\/index.php\/wp-json\/wp\/v2\/pages\/1721\/revisions"}],"predecessor-version":[{"id":14582,"href":"https:\/\/rene-gaston-lagorre.fr\/index.php\/wp-json\/wp\/v2\/pages\/1721\/revisions\/14582"}],"wp:attachment":[{"href":"https:\/\/rene-gaston-lagorre.fr\/index.php\/wp-json\/wp\/v2\/media?parent=1721"}],"curies":[{"name":"wp","href":"https:\/\/api.w.org\/{rel}","templated":true}]}}