{"id":1739,"date":"2023-07-15T10:43:41","date_gmt":"2023-07-15T08:43:41","guid":{"rendered":"https:\/\/rene-gaston-lagorre.fr\/?page_id=1739"},"modified":"2023-07-15T10:44:27","modified_gmt":"2023-07-15T08:44:27","slug":"portrait-de-lartiste","status":"publish","type":"page","link":"https:\/\/rene-gaston-lagorre.fr\/index.php\/portrait-de-lartiste\/","title":{"rendered":"Portrait de l&#8217;artiste"},"content":{"rendered":"\n<h2 class=\"wp-block-heading\">Portrait de l&#8217;artiste<\/h2>\n\n\n\n<p class=\"has-medium-font-size\"><em><strong>Vu par ses amis<\/strong><\/em><\/p>\n\n\n\n<p>\u00ab&nbsp;<em>Le peintre Gaston Lagorre est jeune, si jeune que l\u2019on s\u2019\u00e9tonne de le savoir d\u00e9j\u00e0 en pleine renomm\u00e9e. Une t\u00eate particuli\u00e8rement sympathique \u00e9gay\u00e9e d\u2019une ombre de moustache qui l\u2019affine, un front tr\u00e8s large, une chevelure fine et fris\u00e9e et, au milieu d\u2019un visage r\u00e9gulier et parfaitement \u00e9quilibr\u00e9 de jeune dieu romain, deux yeux espi\u00e8gles qui ne parviennent pas \u00e0 rester s\u00e9rieux. Voil\u00e0 notre homme\u2026<\/em>&nbsp;\u00bb<\/p>\n\n\n\n<p class=\"has-small-font-size\"><strong>Louis Rivi\u00e8re<\/strong><a href=\"https:\/\/rene-gaston-lagorre.fr\/?p=10#sdfootnote1sym\"><sup>1<\/sup><\/a>, Ari\u00e8ge-Paris, n\u00b019-20.Juillet-ao\u00fbt <strong>1954<\/strong> (<strong>Louis Rivi\u00e8re,<\/strong> enseignant puis \u00e9crivain fait partie des douze prisonniers saint-gironnais qui ont r\u00e9ussi \u00e0 s\u2019\u00e9chapper des diff\u00e9rents camps d\u2019incarc\u00e9ration nazis diss\u00e9min\u00e9s sur tout le territoire allemand.)<\/p>\n\n\n\n<p>\u00ab&nbsp;<em>Quel merveilleux ami, plein d\u2019attention et de conseils ! <\/em><em>Ses connaissances \u00e9taient immenses et j\u2019\u00e9tais \u00e9merveill\u00e9 lorsqu\u2019il me transmettait les secrets de cet univers. <\/em><em>Qui mieux que lui connaissait les bases de l\u2019organisation de la surface, l\u2019\u00e9quilibre de la composition, le choix des couleurs, mais aussi, imp\u00e9rativement, les valeurs&nbsp;? Le dessin, voil\u00e0 l\u2019essentiel, disait-il\u2026&nbsp;<\/em>\u00bb<\/p>\n\n\n\n<p class=\"has-small-font-size\"><strong>Ryton Cazenave<\/strong><a href=\"https:\/\/rene-gaston-lagorre.fr\/?p=10#sdfootnote2sym\"><sup>2<\/sup><\/a>, Pr\u00e9face de Ren\u00e9 Gaston-Lagorre, de l\u2019acad\u00e9misme \u00e0 l\u2019abstraction. Edit.Le Pas d\u2019oiseau.Toulouse, <strong>2013<\/strong><\/p>\n\n\n\n<p>&nbsp;<em>\u00abJ\u2019ai connu Lagorre, j\u2019ai voyag\u00e9 et travaill\u00e9 avec lui pendant cinquante ans ! C\u2019est un peintre exceptionnel.\u00bb<\/em><\/p>\n\n\n\n<p class=\"has-small-font-size\">Interview de Ryton Cazenave. La D\u00e9p\u00eache.23-09-<strong>2018<\/strong> (<strong>Ryton Cazenave<\/strong>, peintre aquarelliste fux\u00e9en, il a \u00e9tudi\u00e9 \u00e0 l\u2019\u00c9cole des Beaux-Arts de Toulouse o\u00f9 il a suivi les enseignements de Jean-Paul Marcheschi. Il a ensuite enseign\u00e9 l\u2019aquarelle au sein de cette \u00e9cole pendant de nombreuses ann\u00e9es.)<\/p>\n\n\n\n<p>\u00ab&nbsp;<em>Du plus loin qu\u2019il m\u2019en souvienne, \u00e0 savoir des lustres, en notre commun village de Seix en Couserans, le personnage n\u2019a pas chang\u00e9&nbsp;: petit bonhomme sec, cep des Corbi\u00e8res, p\u00e9tillant, et aujourd\u2019hui, \u00e0 90 ans, immuable, droit comme un I.<\/em><\/p>\n\n\n\n<p><em>Un visage \u00e9clair\u00e9 par l\u2019intelligence, la malice, la bont\u00e9.<\/em>&nbsp;\u00bb<\/p>\n\n\n\n<p class=\"has-small-font-size\">Ren\u00e9-Victor PILHES. Paris. Mai<strong> 2003<a href=\"https:\/\/rene-gaston-lagorre.fr\/?p=10#sdfootnote1sym\"><sup>1<\/sup><\/a><\/strong> (<strong>Ren\u00e9-Victor Pilhes<\/strong>, \u00e9crivain de renom, mondialement connu. Prix M\u00e9dicis en1965 avec La Rhubarbe et Prix Femina en 1974 avec l\u2019Impr\u00e9cateur.)<\/p>\n\n\n\n<p class=\"has-small-font-size\"><\/p>\n\n\n\n<p class=\"has-medium-font-size\"><strong><em>Vu par les critiques d&#8217;art, \u00e0 diverses p\u00e9riodes de sa vie<\/em><\/strong><\/p>\n\n\n\n<p><strong>\u00ab&nbsp;<\/strong><em>Lagorre conf\u00e8re la lumi\u00e8re \u00e0 tout ce qu\u2019il touche. Son pays, l\u2019Ari\u00e8ge, il le voit lumineux aussi bien sur les pentes neigeuses du Vallier que dans les rues des villages. Un peu plus loin, l\u2019Andorre nous appara\u00eet \u00e9tincelante, rendue chaude par les entassements de p\u00e2te qui sont la mani\u00e8re de l\u2019artiste. Plus encore dans le soleil seront la Cote d\u2019azur, le Maroc d\u2019o\u00f9 il a rapport\u00e9 deux sc\u00e8nes typiques tandis que sa palette s\u2019assombrit \u00e0 peine pour chanter la Normandie.<\/em> <em>Lagorre dessine avec pr\u00e9cision, et, sur ce dessin solide gagne, au jeu de la p\u00e2te, profondeur, relief et intensit\u00e9\u2026&nbsp;\u00bb<\/em><\/p>\n\n\n\n<p class=\"has-small-font-size\"><strong>Galeries d\u2019art<\/strong>,f\u00e9vrier <strong>1951<\/strong><\/p>\n\n\n\n<p>\u00ab&nbsp;&#8230;<em>Son \u00e9glise romane de saint Jean de Caselles, o\u00f9 un contre-jour fait ressortir joliment <strong>la lumi\u00e8re<\/strong>. Son Andorra la vieille, chaude, dans les tons rouges&nbsp;; sa Santa Coloma&nbsp;; sa sc\u00e8ne de battages, tr\u00e8s travaill\u00e9e, o\u00f9 l\u2019or de la paille \u00e9claire un paysage vert, sans ciel, nous paraissent des \u0153uvres ma\u00eetresses avec, surtout, son effet de neige, du c\u00f4t\u00e9 de Seix au pied du Mont Valier\u2026 La neige est aussi perfide en peinture qu\u2019en montagne. Mais \u00ab&nbsp;l\u2019enfant du pays&nbsp;\u00bb en a triomph\u00e9.<\/em><\/p>\n\n\n\n<p><em>L\u2019ex grand prix de la ville de Toulouse ne se borne point au paysage et ses portraits sont fort bons&#8230; Gaston-lagorre est un peintre s\u00e9rieux qui n\u2019a pas \u00e0 rechercher une facture \u00ab&nbsp;tapageuse&nbsp;\u00bb. Les qualit\u00e9s de son travail sont bas\u00e9es sur des principes simples mais immortels&nbsp;: lumi\u00e8re et couleur, soutenus par un dessin assez serr\u00e9 et s\u00fbr. Quant \u00e0 la mani\u00e8re l\u2019artiste a choisi un mod\u00e8le puissant, une pleine p\u00e2te que nous go\u00fbtons fort parce qu\u2019elle \u00e9loigne la mi\u00e8vrerie\u2026<\/em><\/p>\n\n\n\n<p><em>S\u2019il \u00e9tait encore besoin de renforcer cette qualification de \u00ab&nbsp;peintre s\u00e9rieux&nbsp;\u00bb, nous ajouterions que l\u2019\u00c9tat a achet\u00e9 \u00e0 Gaston Lagorre son <u><strong>Jardin de Bonnard.<\/strong><\/u><\/em>..&nbsp;\u00bb<\/p>\n\n\n\n<p class=\"has-small-font-size\">G. Pastre. \u00ab&nbsp;Gaston Lagorre peintre de l&nbsp;\u2018Ari\u00e8ge&nbsp;\u00bb. F\u00e9vrier 1951<\/p>\n\n\n\n<p>\u00ab&nbsp;<em>Sa peinture vaut autant par sa <strong>splendide luminosit\u00e9<\/strong>, par le <strong>coloris vibrant <\/strong>des terrains et des verdures, que par <strong>la puissance et l\u2019intensit\u00e9 du relief, la solidit\u00e9 de la construction, la beaut\u00e9 du model\u00e9 trait\u00e9 en pleine p\u00e2te<\/strong>.Qualit\u00e9s bien rarement unies&nbsp;!&#8230;La peinture de Lagorre est une v\u00e9ritable <strong>f\u00eate des yeux.<\/strong>..<\/em>&nbsp;\u00bb<\/p>\n\n\n\n<p class=\"has-small-font-size\">R.L. \u00ab&nbsp;L\u2019exposition des \u0153uvres de G. Lagorre \u00e0 Toulouse&nbsp;\u00bb. Notes d\u2019art. F\u00e9vrier 1951<\/p>\n\n\n\n<p>\u00ab&nbsp;&#8230;<em>par del\u00e0 le cubisme, c\u2019est avec <strong>la lumi\u00e8re<\/strong> impressionniste que Lagorre entend renouer. Une palette douce et chatoyante, une touche l\u00e9g\u00e8re, petite et vibrante, qui sait souvent pr\u00e9server le fond, nous plongent dans <strong>un univers de pure lumi\u00e8re<\/strong>&#8230;&nbsp;<\/em>\u00bb<\/p>\n\n\n\n<p class=\"has-small-font-size\">\u00ab&nbsp;Lagorre ou la le\u00e7on cubiste&nbsp;\u00bb, mars 1951<\/p>\n\n\n\n<p>\u00ab&nbsp;<em>Il y a de <strong>la lumi\u00e8re, beaucoup de lumi\u00e8re<\/strong> dans les toiles de Lagorre, une lumi\u00e8re qui \u00e9clate, qui inonde tous les d\u00e9tails&#8230;&nbsp;\u00bb<\/em><\/p>\n\n\n\n<p class=\"has-small-font-size\">Jacques Thibal. Mai 1951 suite \u00e0 l\u2019exposition Lagorre \u00e0 la mairie de Saint-Girons (Ari\u00e8ge)<\/p>\n\n\n\n<p><em>\u00ab&nbsp;Je veux vous parler seulement de l\u2019homme qui a peint ces toiles et ces gouaches, d\u00e9licates et l\u00e9g\u00e8res comme cette vaporeuse brume bleut\u00e9e de Normandie ou d\u2019Ile-de-France, qui s\u2019accroche sur les rives de la Basse Seine, du c\u00f4t\u00e9 de Rouen et d\u2019Honfleur.<br>Cet homme qui fait sienne l\u2019expression de Matisse : <\/em><em>\u00ab Coupez-vous la langue et dites ce que vous avez \u00e0 dire avec les mains et la couleur. \u00bb <\/em><em>Cet homme qui se r\u00e9alise pleinement dans la montagne et la solitude. <\/em><em>C\u2019est un gars simple et vrai, passant le plus clair de son temps avec les bergers du pays\u2026&nbsp;\u00bb<\/em><\/p>\n\n\n\n<p class=\"has-small-font-size\"><strong>Louis Deville<\/strong>, \u00ab&nbsp;Le Patriote&nbsp;\u00bb <strong>6 f\u00e9vrier 1952<\/strong> (\u00e0 propos de l\u2019exposition de la Galerie Chappe (Toulouse)<\/p>\n\n\n\n<p><em>\u00ab&nbsp; G. Lagorre appartient encore \u00e0 une g\u00e9n\u00e9ration qui ne renie pas l\u2019enseignement re\u00e7u \u00e0 l\u2019Ecole&nbsp;; et cette connaissance de son art ne l\u2019a pas emp\u00each\u00e9 de devenir un artiste probe et sinc\u00e8re, dont la modestie pourrait servir d\u2019exemple \u00e0 maints faiseurs contemporains. Il a toute mon estime (et celle de beaucoup d\u2019autres), parce qu\u2019il est un artiste et non une bluffeur, parce qu\u2019il sait voir et exprimer, sans user du charabia \u00e0 la mode par trop d\u2019ignares ou de sp\u00e9culateurs, parce qu\u2019il a le sens de la couleur, de la lumi\u00e8re et des formes sans lesquels on n\u2019est pas peintre.&nbsp;\u00bb<\/em><\/p>\n\n\n\n<p class=\"has-small-font-size\">R. M., <strong><u>La Vie toulousaine<\/u><\/strong>, Les expositions. \u00ab&nbsp;Gaston-Lagorre&nbsp;\u00bb10 f\u00e9vrier <strong>1952<\/strong><\/p>\n\n\n\n<p>\u00ab&nbsp; \u2026<em>Pour lui, sa meilleure \u0153uvre sera toujours la suivante. C\u2019est un \u00e9ternel insatisfait, qui travaille et retouche sans cesse\u2026Si son \u00e9locution verbale est parfois h\u00e9sitante\u2013 et peut-\u00eatre \u00e0 cause de cela \u2013 quel \u00e9panouissement dans l\u2019expression de sa pens\u00e9e picturale&nbsp;!&nbsp;\u00bb<\/em>&nbsp;<\/p>\n\n\n\n<p class=\"has-small-font-size\">\u00ab&nbsp;Quand les m\u00e9ridionaux exposent \u00e0 Paris&nbsp;\u00bb, 23 novembre <strong>1959<\/strong><\/p>\n\n\n\n<p>\u00ab&nbsp;\u2026<em>Il me rappelle Turner qui peignait minutieusement ses villes, tout en cr\u00e9ant, en cachette, l\u2019impressionnisme. Oui, c\u2019est ainsi que Ren\u00e9 Lagorre s\u2019adonne, tout en poursuivant sa geste figurative, \u00e0 la petite s\u00e9rie de ses gouaches abstraites. Je suis enthousiasm\u00e9 par la rigueur conjugu\u00e9e \u00e0 cette lumi\u00e8re qui fait qu\u2019il y a ou non peinture..<\/em>.&nbsp;\u00bb<\/p>\n\n\n\n<p class=\"has-small-font-size\">Robert Marteau<a href=\"https:\/\/rene-gaston-lagorre.fr\/?p=10#sdfootnote1sym\"><sup>1<\/sup><\/a>, mai <strong>1996<\/strong><\/p>\n\n\n\n<p>\u00ab&nbsp;<em>Discret, Ren\u00e9 Lagorre peint dans la ferveur. Ses peintures r\u00e9centes reprennent la figure du Z, apparue en 1987, pour une s\u00e9rie de variations o\u00f9 l\u2019apparente organisation g\u00e9om\u00e9trique n\u2019est que l\u2019enveloppe d\u2019un monde magique orchestr\u00e9 par la couleur\u2026<\/em>\u00bb<\/p>\n\n\n\n<p class=\"has-small-font-size\">Ren\u00e9 Lagorre, Peinture Z 2000. La gazette de Drouot, 25 mai <strong>2001<\/strong><\/p>\n\n\n\n<p class=\"has-small-font-size\"><strong>Robert Marteau<\/strong> aujourd\u2019hui d\u00e9c\u00e9d\u00e9 est un \u00e9crivain fran\u00e7ais tout \u00e0 la fois po\u00e8te, romancier, traducteur, essayiste et critique d\u2019art. En 2005, il re\u00e7oit le Grand prix de po\u00e9sie de l\u2019Acad\u00e9mie fran\u00e7aise pour l\u2019ensemble de son \u0153uvre po\u00e9tique Il fut un ami proche de Ren\u00e9 Gaston-Lagorre dont il pr\u00e9face les catalogues d\u2019exposition.<\/p>\n\n\n\n<p>Notons que<strong> la force et la pr\u00e9cision du dessin, l\u2019intensit\u00e9 de la lumi\u00e8re<\/strong> sont les qualit\u00e9s les plus souvent lou\u00e9es par les critiques d\u2019art.<\/p>\n\n\n\n<p>http:\/\/rene-gaston-lagorre.fr\/wp-content\/uploads\/2023\/06\/5.Photo-A.-Bourneton.1987.jpg<\/p>\n","protected":false},"excerpt":{"rendered":"<p>Portrait de l&#8217;artiste Vu par ses amis \u00ab&nbsp;Le peintre Gaston Lagorre est jeune, si jeune que l\u2019on s\u2019\u00e9tonne de le savoir d\u00e9j\u00e0 en pleine renomm\u00e9e. Une t\u00eate particuli\u00e8rement sympathique \u00e9gay\u00e9e d\u2019une ombre de moustache qui l\u2019affine, un front tr\u00e8s large, une chevelure fine et fris\u00e9e et, [&hellip;]<\/p>\n","protected":false},"author":1,"featured_media":0,"parent":0,"menu_order":0,"comment_status":"closed","ping_status":"closed","template":"","meta":[],"_links":{"self":[{"href":"https:\/\/rene-gaston-lagorre.fr\/index.php\/wp-json\/wp\/v2\/pages\/1739"}],"collection":[{"href":"https:\/\/rene-gaston-lagorre.fr\/index.php\/wp-json\/wp\/v2\/pages"}],"about":[{"href":"https:\/\/rene-gaston-lagorre.fr\/index.php\/wp-json\/wp\/v2\/types\/page"}],"author":[{"embeddable":true,"href":"https:\/\/rene-gaston-lagorre.fr\/index.php\/wp-json\/wp\/v2\/users\/1"}],"replies":[{"embeddable":true,"href":"https:\/\/rene-gaston-lagorre.fr\/index.php\/wp-json\/wp\/v2\/comments?post=1739"}],"version-history":[{"count":2,"href":"https:\/\/rene-gaston-lagorre.fr\/index.php\/wp-json\/wp\/v2\/pages\/1739\/revisions"}],"predecessor-version":[{"id":1741,"href":"https:\/\/rene-gaston-lagorre.fr\/index.php\/wp-json\/wp\/v2\/pages\/1739\/revisions\/1741"}],"wp:attachment":[{"href":"https:\/\/rene-gaston-lagorre.fr\/index.php\/wp-json\/wp\/v2\/media?parent=1739"}],"curies":[{"name":"wp","href":"https:\/\/api.w.org\/{rel}","templated":true}]}}