{"id":1742,"date":"2023-07-15T10:54:24","date_gmt":"2023-07-15T08:54:24","guid":{"rendered":"https:\/\/rene-gaston-lagorre.fr\/?page_id=1742"},"modified":"2023-09-02T15:50:31","modified_gmt":"2023-09-02T13:50:31","slug":"rene-lagorre-les-ateliers-1992","status":"publish","type":"page","link":"https:\/\/rene-gaston-lagorre.fr\/index.php\/rene-lagorre-les-ateliers-1992\/","title":{"rendered":"Ren\u00e9 Lagorre, &#8220;Les Ateliers.&#8221; 1992."},"content":{"rendered":"<p>[vc_row][vc_column][vc_column_text]Sublime et fascinante exposition que celle qui nous est propos\u00e9e en 1992 par la Galerie Weiller o\u00f9 Ren\u00e9 Lagorre a d\u00e9pos\u00e9 ses \u00ab\u00a0Ateliers\u00a0\u00bb.<\/p>\r\n\r\n<p>Sur des toiles de petit format affleurent les r\u00e9miniscences d\u2019une enfance r\u00e9volue.<\/p>\r\n\r\n<p>Vagues souvenirs de gigantesques gratte-ciels dress\u00e9s dans le ciel de Broadway dont les milliers de fen\u00eatres ouvertes sur l\u2019ext\u00e9rieur abritent leurs habitants dans l\u2019anonymat le plus strict.\u2026<\/p>\r\n\r\n<p>Souvenirs d\u2019autres fen\u00eatres aussi. Celles de la maison familiale, des fen\u00eatres \u00e0 crois\u00e9e de bois dont les volets qui les accompagnaient \u00e9taient barr\u00e9es d\u2019un Z.<\/p>\r\n\r\n<p>Des fen\u00eatres qui, en m\u00eame temps qu\u2019elles montrent la lumi\u00e8re qui r\u00e8gne \u00e0 l\u2019int\u00e9rieur, rendent aveugle celui qui les regarde\u00a0et les contemple de l\u2019ext\u00e9rieur\u00a0.<\/p>\r\n\r\n<p>La fen\u00eatre, avais-je \u00e9crit, t\u00e9moigne de la r\u00e9versibilit\u00e9 de l\u2019espace&#8230;<a id=\"sdfootnote1anc\" href=\"#sdfootnote1sym\"><sup>1<\/sup><\/a><\/p>\r\n\r\n<p>L\u2019artiste semble ici s\u2019 \u00eatre accoud\u00e9 \u00e0 l\u2019une de ces fen\u00eatres, nous prenons avec lui la posture du voyeur avant de nous rendre compte que le tableau lui-m\u00eame devient une fen\u00eatre.<\/p>\r\n\r\n<p><a id=\"sdfootnote1sym\" href=\"#sdfootnote1anc\">1<\/a>B. Gaston-Lagorre, op.cit., p117.<\/p>\r\n<p>[\/vc_column_text][\/vc_column][\/vc_row][vc_row][vc_column][vc_empty_space]<div class=\"edgt-portfolio-list-holder edgt-pl-gallery edgt-pl-normal-space edgt-pl-three-columns edgt-pl-standard-overlay light    edgt-pl-pag-no-pagination     \"  data-type=gallery data-space-between-items=normal data-number-of-items=-1 data-image-proportions=full data-enable-fixed-proportions=no data-enable-image-shadow=no data-category=les-ateliers data-order-by=date data-order=ASC data-item-style=standard-overlay data-item-style-skin=light data-enable-title=yes data-title-tag=h4 data-title-text-transform=uppercase data-enable-category=yes data-enable-like=no data-enable-count-images=yes data-enable-excerpt=no data-excerpt-length=20 data-pagination-type=no-pagination data-filter=no data-filter-order-by=name data-enable-article-parallax-animation=no data-portfolio-slider-on=no data-enable-loop=yes data-enable-autoplay=yes data-slider-speed=5000 data-slider-speed-animation=600 data-enable-navigation=yes data-enable-pagination=yes data-max-num-pages=0 data-next-page=2>\n\t\t\n\t<div class=\"edgt-pl-inner  clearfix\">\n\t\t\n<article class=\"edgt-pl-item  post-14501 portfolio-item type-portfolio-item status-publish has-post-thumbnail hentry portfolio-category-les-ateliers\">\n\t<div class=\"edgt-pl-item-inner\" >\n\t\t<div class=\"edgt-pli-image\">\n\t\t\t<img width=\"1330\" height=\"1696\" src=\"https:\/\/rene-gaston-lagorre.fr\/wp-content\/uploads\/2023\/07\/19.Z.Ateliers.HST_.-22x16cm.Coll_.-Broue.jpg\" class=\"attachment-full size-full wp-post-image\" alt=\"Z.Ateliers\" decoding=\"async\" loading=\"lazy\" srcset=\"https:\/\/rene-gaston-lagorre.fr\/wp-content\/uploads\/2023\/07\/19.Z.Ateliers.HST_.-22x16cm.Coll_.-Broue.jpg 1330w, https:\/\/rene-gaston-lagorre.fr\/wp-content\/uploads\/2023\/07\/19.Z.Ateliers.HST_.-22x16cm.Coll_.-Broue-600x765.jpg 600w, https:\/\/rene-gaston-lagorre.fr\/wp-content\/uploads\/2023\/07\/19.Z.Ateliers.HST_.-22x16cm.Coll_.-Broue-235x300.jpg 235w, https:\/\/rene-gaston-lagorre.fr\/wp-content\/uploads\/2023\/07\/19.Z.Ateliers.HST_.-22x16cm.Coll_.-Broue-803x1024.jpg 803w, https:\/\/rene-gaston-lagorre.fr\/wp-content\/uploads\/2023\/07\/19.Z.Ateliers.HST_.-22x16cm.Coll_.-Broue-768x979.jpg 768w, https:\/\/rene-gaston-lagorre.fr\/wp-content\/uploads\/2023\/07\/19.Z.Ateliers.HST_.-22x16cm.Coll_.-Broue-1205x1536.jpg 1205w\" sizes=\"(max-width: 1330px) 100vw, 1330px\" \/>\t\t<\/div>\n<div class=\"edgt-pli-text-holder\">\n\t<div class=\"edgt-pli-text-wrapper\">\n\t\t<div class=\"edgt-pli-text\">\n\t\t\t\t<h4 itemprop=\"name\" class=\"edgt-pli-title entry-title\" style=\"text-transform: uppercase\">\n\t\tZ. Les Ateliers. 1992\t<\/h4>\n\n\t\t\t\t\t<div class=\"edgt-pli-category-holder\">\n\t\t\t\t\t\t\t<a itemprop=\"url\" class=\"edgt-pli-category\" href=\"https:\/\/rene-gaston-lagorre.fr\/index.php\/portfolio-category\/les-ateliers\/\">\"Les Ateliers\"<\/a>\n\t\t\t\t\t<\/div>\n\t\n\t\t\t    <div class=\"edgt-gli-number-of-images-holder\" >\n        <span>25 pics.<\/span>\n    <\/div>\n\n\n\t\t\t\t\t<\/div>\n\t<\/div>\n<\/div>\t\t\n\t\t<a itemprop=\"url\" class=\"edgt-pli-link edgt-block-drag-link\" href=\"https:\/\/rene-gaston-lagorre.fr\/index.php\/portfolio-item\/z-les-ateliers\/\" target=\"_self\"><\/a>\n\t<\/div>\n<\/article>\t<\/div>\n\t\n\t<\/div>[\/vc_column][\/vc_row]<\/p>","protected":false},"excerpt":{"rendered":"<p>[vc_row][vc_column][vc_column_text]Sublime et fascinante exposition que celle qui nous est propos\u00e9e en 1992 par la Galerie Weiller o\u00f9 Ren\u00e9 Lagorre a d\u00e9pos\u00e9 ses \u00ab\u00a0Ateliers\u00a0\u00bb. Sur des toiles de petit format affleurent les r\u00e9miniscences d\u2019une enfance r\u00e9volue. Vagues souvenirs de gigantesques gratte-ciels dress\u00e9s dans le ciel de Broadway [&hellip;]<\/p>\n","protected":false},"author":2,"featured_media":0,"parent":0,"menu_order":0,"comment_status":"closed","ping_status":"closed","template":"","meta":[],"_links":{"self":[{"href":"https:\/\/rene-gaston-lagorre.fr\/index.php\/wp-json\/wp\/v2\/pages\/1742"}],"collection":[{"href":"https:\/\/rene-gaston-lagorre.fr\/index.php\/wp-json\/wp\/v2\/pages"}],"about":[{"href":"https:\/\/rene-gaston-lagorre.fr\/index.php\/wp-json\/wp\/v2\/types\/page"}],"author":[{"embeddable":true,"href":"https:\/\/rene-gaston-lagorre.fr\/index.php\/wp-json\/wp\/v2\/users\/2"}],"replies":[{"embeddable":true,"href":"https:\/\/rene-gaston-lagorre.fr\/index.php\/wp-json\/wp\/v2\/comments?post=1742"}],"version-history":[{"count":2,"href":"https:\/\/rene-gaston-lagorre.fr\/index.php\/wp-json\/wp\/v2\/pages\/1742\/revisions"}],"predecessor-version":[{"id":15024,"href":"https:\/\/rene-gaston-lagorre.fr\/index.php\/wp-json\/wp\/v2\/pages\/1742\/revisions\/15024"}],"wp:attachment":[{"href":"https:\/\/rene-gaston-lagorre.fr\/index.php\/wp-json\/wp\/v2\/media?parent=1742"}],"curies":[{"name":"wp","href":"https:\/\/api.w.org\/{rel}","templated":true}]}}