{"id":1744,"date":"2023-07-15T11:07:17","date_gmt":"2023-07-15T09:07:17","guid":{"rendered":"https:\/\/rene-gaston-lagorre.fr\/?page_id=1744"},"modified":"2023-09-05T13:42:45","modified_gmt":"2023-09-05T11:42:45","slug":"les-paysages-de-lagorre4","status":"publish","type":"page","link":"https:\/\/rene-gaston-lagorre.fr\/index.php\/les-paysages-de-lagorre4\/","title":{"rendered":"Paysages et habitat montagnards, le choix de l&#8217;art figuratif"},"content":{"rendered":"<p>[vc_row][vc_column][vc_column_text]<\/p>\r\n<p class=\"has-medium-font-size\"><\/p>\r\n<p>Dans le domaine pictural les paysages, et pas seulement les paysages de montagne, furent longtemps rel\u00e9gu\u00e9s au second plan, au sens propre comme au sens figur\u00e9. La peinture de paysage n&#8217; occupait en effet, jusqu\u2019au XVIIIe si\u00e8cle, qu&#8217; un rang inf\u00e9rieur au regard de la peinture d\u2019histoire, qui constituait, elle, le genre \u00ab\u00a0noble\u00a0\u00bbpar excellence. Ce n\u2019est que peu \u00e0 peu, au fil du temps que les choses vont \u00e9voluer, les paysages montagnards ne servant longtemps encore que de d\u00e9cor id\u00e9alis\u00e9\u2026<\/p>\r\n<p class=\"has-medium-font-size\"><\/p>\r\n<p>Rien de cela dans l\u2019\u0153uvre de Lagorre. Les lieux enchanteurs et enchant\u00e9s qu\u2019il peindra en montagne tout au long de sa vie ne sauraient se confondre avec un simple d\u00e9cor\u00a0!<\/p>\r\n<p class=\"has-medium-font-size\"><\/p>\r\n<p>La montagne est ici empreinte des souvenirs d&#8217;une adolescence pass\u00e9e en Ari\u00e8ge. La repr\u00e9sentation de la montagne y est charg\u00e9e des \u00e9motions ressenties, du temps o\u00f9 le jeune peintre arpentait les flancs du massif du Valier que ce soit du c\u00f4t\u00e9 d\u2019Aula, du c\u00f4t\u00e9 de Salau ou encore du c\u00f4t\u00e9 de la sombre vall\u00e9e d\u2019Angouls, jonch\u00e9e de narcisses au printemps mais dont la sauvagerie fait qu&#8217;elle est toujours aujourd&#8217;hui fr\u00e9quent\u00e9e par les aigles royaux et les gypa\u00e8tes barbus.<\/p>\r\n<p class=\"has-medium-font-size\"><\/p>\r\n<p>Autre particularit\u00e9. Chez Lagorre, la montagne est\u00a0 toujours \u00ab\u00a0habit\u00e9e\u00a0\u00bb. Le peintre y croise les bergers et leur chien, les chasseurs d\u2019isards , les contrebandiers mais aussi les douaniers en patrouille, partis \u00e0 leur recherche\u2026 Sur les peintures de Lagorre, m\u00eame dans les coins les plus recul\u00e9s et les plus sauvages des Pyr\u00e9n\u00e9es, la pr\u00e9sence de l\u2019homme se fait toujours sentir\u00a0: ainsi peut-on parfois percevoir sur la toile, par la porte entr&#8217;ouverte d&#8217;une cabane pastorale, le rougeoiement d\u2019un feu tandis que sur une autre toile le peintre nous donne \u00e0 voir une grange foraine encore emplie de foin&#8230; Les troupeaux de brebis, de vaches ou de chevaux qui paissent sur l\u2019estive laissent deviner la pr\u00e9sence de l&#8217;homme qui n&#8217;est jamais bien loin.<\/p>\r\n<p class=\"has-medium-font-size\"><\/p>\r\n<p>Dans ses toiles paysag\u00e8res, Lagorre nous transmet son \u00e9merveillement face aux versants de glace aux mille et un reflets. Il peint la neige dans toutes ses nuances de blanc, de gris mais aussi de bleut\u00e9 et nous invite \u00e0 ressentir ses propres \u00e9motions quand il cherche \u00e0 saisir sur la toile le cours imp\u00e9tueux et encore indompt\u00e9 de torrents qui bondissent en d\u00e9valant les pentes pour s&#8217;engouffrer soudain sous les blocs de rochers. Le peintre saisit l&#8217;eau vive aux \u00e9clats argent\u00e9s qu&#8217;il nous montre apais\u00e9e, coulant dans la vall\u00e9e Lagorre aime peindre l&#8217;eau. Que dire de la magnificence des lacs de montagne dont la couleur \u00e9meraude explose sur ses toiles ?<\/p>\r\n<p class=\"has-medium-font-size\"><\/p>\r\n<p>Si Lucr\u00e8ce\u00a0 pensait que la connaissance de la nature pouvait conduire \u00e0 la connaissance de la r\u00e9alit\u00e9, si Rousseau voyait dans la Nature un mod\u00e8le de pens\u00e9e, on voudra bien aussi se souvenir ici de l\u2019importance, dans l\u2019\u0153uvre de Proust des descriptions des lieux d\u2019enfance. Combray, Balbec , Cabourg&#8230; Dans <em>La Recherche<\/em>, l\u2019\u00e9crivain se transporte par le truchement de la m\u00e9moire, dans le temps pass\u00e9, celui de l\u2019enfance et de l\u2019adolescence\u2026 La d\u00e9marche est ici similaire. Nombre de tableaux, de dessins ou de gouaches de Lagorre concr\u00e9tisent des souvenirs de jeunesse par tous temps et en toutes saisons.<\/p>\r\n<p class=\"has-medium-font-size\"><\/p>\r\n<p>Ainsi le tableau extravagant peint en 1942 \u00ab\u00a0<em><strong>Menace d\u2019orage<\/strong><\/em>\u00a0\u00bb &#8211; un tableau rendu extravagant par ses proportions m\u00eames, mais aussi par la volont\u00e9 de traduire la force du vent violent qui se l\u00e8ve soudain -, nous montre-t-il d\u00e9j\u00e0 la volont\u00e9 du peintre de fixer sur la toile l\u2019un de ses souvenir de jeunesse,\u00a0 \u00e0 l\u2019instant m\u00eame semble-t-il o\u00f9 la nature se d\u00e9cha\u00eene, mettant \u00e0 mal la vie de montagnards soudainement confront\u00e9s \u00e0 la furie du vent&#8230;<\/p>\r\n<p class=\"has-medium-font-size\"><\/p>\r\n\r\n<p class=\"has-medium-font-size\"><em><strong>Habitat montagnard<\/strong><\/em><\/p>\r\n<p class=\"has-medium-font-size\"><\/p>\r\n<p>Dans les toiles de Lagorre, l\u2019habitat est le fruit d\u2019une observation tr\u00e8s attentive, tr\u00e8s soutenue au point que s\u2019y retrouvent les signes les plus repr\u00e9sentatifs du <strong>mode de vie <\/strong>des montagnards.<\/p>\r\n<p class=\"has-medium-font-size\"><\/p>\r\n<p>L\u2019habitat y appara\u00eet en lien \u00e9troit avec le milieu environnant\u00a0: peintures de masures d\u00e9labr\u00e9es, de granges foraines, d&#8217; \u00e9tables, de lavoirs communaux, de hameaux ou de petits villages qui, d\u2019un c\u00f4t\u00e9 comme de l\u2019autre des Pyr\u00e9n\u00e9es, semblent vivre regroup\u00e9s au pied m\u00eame de l&#8217;\u00e9glise, comme pour se pr\u00e9munir des dangers et des rudesses de la vie en montagne. Certaines particularit\u00e9s apparaissent aussi sur les toiles du peintre en fonction des vall\u00e9es qu&#8217;il a souvent arpent\u00e9, ainsi voit-on des repr\u00e9sentations de toits de chaume dor\u00e9 ou de lauzes<a id=\"sdfootnote1anc\" href=\"#sdfootnote1sym\"><sup>1<\/sup><\/a> bleut\u00e9es sur des cabanes \u00e0 pas d\u2019oiseau<a id=\"sdfootnote2anc\" href=\"#sdfootnote2sym\"><sup>2<\/sup><\/a> observ\u00e9es dans la vall\u00e9e d\u2019Erc\u00e9, du c\u00f4t\u00e9 de Cominac (Ari\u00e8ge). Ces maisons \u00e0 pas d&#8217;oiseau sont omni pr\u00e9sentes dans les toiles et gouaches repr\u00e9sentant les montreurs d&#8217;ours qui sillonnaient l&#8217;Ari\u00e8ge autrefois.<\/p>\r\n<p class=\"has-medium-font-size\"><\/p>\r\n<p>L\u2019habitat est conforme aux activit\u00e9s agro-pastorales qui sont celles des hautes vall\u00e9es, la pr\u00e9cision du peintre est l\u00e0 quasi documentaire. Mais, si les maisons ou si les cabanes pastorales, aussi rustiques soient-elles, sont avant tout des abris qui permettent d\u2019\u00e9chapper \u00e0 la rudesse du climat et aux intemp\u00e9ries, si elles permettent de prot\u00e9ger tout \u00e0 la fois hommes, animaux et r\u00e9coltes, elles sont aussi et surtout des <strong>lieux de vie.<\/strong><\/p>\r\n<p class=\"has-medium-font-size\"><\/p>\r\n<p>Dans les toiles de Lagorre on voit des paysans au travail enfourner le foin dans les granges et dans les greniers dans la chaleur \u00e9crasante de l\u2019\u00e9t\u00e9, on les voit battre le bl\u00e9 qui rutile au soleil, on voit les bergers sur l&#8217;estive, entour\u00e9s de leurs b\u00eates, fa\u00e7onner de leurs grosses mains noueuses le fromage sur l&#8217; estive et se saisir des outils n\u00e9cessaires \u00e0 cette fabrication, on voit des paysans conduire \u00e2nes et mules dont les bats semblent lourdement charg\u00e9s pour s\u2019approvisionner\u2026 parfois on peut m\u00eame assister \u00e0 une partie de cartes, le soir, dans la cabane &#8230;<\/p>\r\n<p class=\"has-medium-font-size\"><\/p>\r\n<p>L&#8217;art figuratif est ici affirm\u00e9 et totalement assum\u00e9, il serait donc stupide de le m\u00e9priser tant il y faut de minutie dans la composition, tant il y faut de savoir-faire dans le dessin, tant il y faut de force d&#8217;observation. Si l&#8217;on a coutume d&#8217;opposer art figuratif et art abstrait, n&#8217;oublions jamais qu&#8217;une partie de l&#8217;art abstrait s&#8217;est nourrie d&#8217;une observation attentive du visible pour mieux l&#8217;\u00e9purer ensuite.<\/p>\r\n<p class=\"has-medium-font-size\"><\/p>\r\n\r\n<p>&nbsp;<\/p>\r\n<p class=\"has-medium-font-size\"><\/p>\r\n\r\n<p class=\"has-medium-font-size\"><\/p>\r\n\r\n<p class=\"has-small-font-size\"><a id=\"sdfootnote1sym\" href=\"#sdfootnote1anc\">1<\/a>Cabane \u00e0 pas d\u2019oiseau\u00a0: elles ont des toitures avec des pignons \u00e0 redents (\u00ab\u00a0p\u00ebnau\u00a0\u00bb en patois). Du c\u00f4t\u00e9 de Cominac (Ari\u00e8ge) c\u2019est une architecture typique. Les dalles qui forment les gradins sont appel\u00e9es \u00ab\u00a0peyrous\u00a0\u00bb en patois<\/p>\r\n<p class=\"has-medium-font-size\"><\/p>\r\n\r\n<p class=\"has-small-font-size\"><a id=\"sdfootnote2sym\" href=\"#sdfootnote2anc\">2<\/a>Lauzes\u00a0: grandes et lourdes dalles irr\u00e9guli\u00e8res schisteuses<\/p>\r\n<p class=\"has-medium-font-size\"><\/p>\r\n\r\n<p class=\"has-small-font-size\"><\/p>\r\n<p>&nbsp;<\/p>\r\n<p>[\/vc_column_text][\/vc_column][\/vc_row][vc_row][vc_column][vc_empty_space]<div class=\"edgt-portfolio-list-holder edgt-pl-gallery edgt-pl-normal-space edgt-pl-three-columns edgt-pl-standard-overlay light    edgt-pl-pag-no-pagination     \"  data-type=gallery data-space-between-items=normal data-number-of-items=-1 data-image-proportions=full data-enable-fixed-proportions=no data-enable-image-shadow=no data-category=paysages-montagnards data-order-by=date data-order=ASC data-item-style=standard-overlay data-item-style-skin=light data-enable-title=yes data-title-tag=h4 data-title-text-transform=uppercase data-enable-category=yes data-enable-like=no data-enable-count-images=yes data-enable-excerpt=no data-excerpt-length=20 data-pagination-type=no-pagination data-filter=no data-filter-order-by=name data-enable-article-parallax-animation=no data-portfolio-slider-on=no data-enable-loop=yes data-enable-autoplay=yes data-slider-speed=5000 data-slider-speed-animation=600 data-enable-navigation=yes data-enable-pagination=yes data-max-num-pages=0 data-next-page=2>\n\t\t\n\t<div class=\"edgt-pl-inner  clearfix\">\n\t\t\n<article class=\"edgt-pl-item  post-14519 portfolio-item type-portfolio-item status-publish has-post-thumbnail hentry portfolio-category-paysages-montagnards\">\n\t<div class=\"edgt-pl-item-inner\" >\n\t\t<div class=\"edgt-pli-image\">\n\t\t\t<img width=\"1800\" height=\"1475\" src=\"https:\/\/rene-gaston-lagorre.fr\/wp-content\/uploads\/2023\/07\/60.Areou-1a.-Hst.-79x63cm-1937.jpg\" class=\"attachment-full size-full wp-post-image\" alt=\"Vachers \u00e0 Areau\" decoding=\"async\" loading=\"lazy\" srcset=\"https:\/\/rene-gaston-lagorre.fr\/wp-content\/uploads\/2023\/07\/60.Areou-1a.-Hst.-79x63cm-1937.jpg 1800w, https:\/\/rene-gaston-lagorre.fr\/wp-content\/uploads\/2023\/07\/60.Areou-1a.-Hst.-79x63cm-1937-600x492.jpg 600w, https:\/\/rene-gaston-lagorre.fr\/wp-content\/uploads\/2023\/07\/60.Areou-1a.-Hst.-79x63cm-1937-300x246.jpg 300w, https:\/\/rene-gaston-lagorre.fr\/wp-content\/uploads\/2023\/07\/60.Areou-1a.-Hst.-79x63cm-1937-1024x839.jpg 1024w, https:\/\/rene-gaston-lagorre.fr\/wp-content\/uploads\/2023\/07\/60.Areou-1a.-Hst.-79x63cm-1937-768x629.jpg 768w, https:\/\/rene-gaston-lagorre.fr\/wp-content\/uploads\/2023\/07\/60.Areou-1a.-Hst.-79x63cm-1937-1536x1259.jpg 1536w\" sizes=\"(max-width: 1800px) 100vw, 1800px\" \/>\t\t<\/div>\n<div class=\"edgt-pli-text-holder\">\n\t<div class=\"edgt-pli-text-wrapper\">\n\t\t<div class=\"edgt-pli-text\">\n\t\t\t\t<h4 itemprop=\"name\" class=\"edgt-pli-title entry-title\" style=\"text-transform: uppercase\">\n\t\tPaysages et habitat montagnards\t<\/h4>\n\n\t\t\t\t\t<div class=\"edgt-pli-category-holder\">\n\t\t\t\t\t\t\t<a itemprop=\"url\" class=\"edgt-pli-category\" href=\"https:\/\/rene-gaston-lagorre.fr\/index.php\/portfolio-category\/paysages-montagnards\/\">\"Paysages montagnards\"<\/a>\n\t\t\t\t\t<\/div>\n\t\n\t\t\t    <div class=\"edgt-gli-number-of-images-holder\" >\n        <span>130 pics.<\/span>\n    <\/div>\n\n\n\t\t\t\t\t<\/div>\n\t<\/div>\n<\/div>\t\t\n\t\t<a itemprop=\"url\" class=\"edgt-pli-link edgt-block-drag-link\" href=\"https:\/\/rene-gaston-lagorre.fr\/index.php\/portfolio-item\/paysages-montagnards\/\" target=\"_self\"><\/a>\n\t<\/div>\n<\/article>\t<\/div>\n\t\n\t<\/div>[vc_empty_space][\/vc_column][\/vc_row]<\/p>","protected":false},"excerpt":{"rendered":"<p>[vc_row][vc_column][vc_column_text] Dans le domaine pictural les paysages, et pas seulement les paysages de montagne, furent longtemps rel\u00e9gu\u00e9s au second plan, au sens propre comme au sens figur\u00e9. La peinture de paysage n&#8217; occupait en effet, jusqu\u2019au XVIIIe si\u00e8cle, qu&#8217; un rang inf\u00e9rieur au regard de la [&hellip;]<\/p>\n","protected":false},"author":1,"featured_media":0,"parent":0,"menu_order":0,"comment_status":"closed","ping_status":"closed","template":"","meta":[],"_links":{"self":[{"href":"https:\/\/rene-gaston-lagorre.fr\/index.php\/wp-json\/wp\/v2\/pages\/1744"}],"collection":[{"href":"https:\/\/rene-gaston-lagorre.fr\/index.php\/wp-json\/wp\/v2\/pages"}],"about":[{"href":"https:\/\/rene-gaston-lagorre.fr\/index.php\/wp-json\/wp\/v2\/types\/page"}],"author":[{"embeddable":true,"href":"https:\/\/rene-gaston-lagorre.fr\/index.php\/wp-json\/wp\/v2\/users\/1"}],"replies":[{"embeddable":true,"href":"https:\/\/rene-gaston-lagorre.fr\/index.php\/wp-json\/wp\/v2\/comments?post=1744"}],"version-history":[{"count":4,"href":"https:\/\/rene-gaston-lagorre.fr\/index.php\/wp-json\/wp\/v2\/pages\/1744\/revisions"}],"predecessor-version":[{"id":15157,"href":"https:\/\/rene-gaston-lagorre.fr\/index.php\/wp-json\/wp\/v2\/pages\/1744\/revisions\/15157"}],"wp:attachment":[{"href":"https:\/\/rene-gaston-lagorre.fr\/index.php\/wp-json\/wp\/v2\/media?parent=1744"}],"curies":[{"name":"wp","href":"https:\/\/api.w.org\/{rel}","templated":true}]}}