{"id":1749,"date":"2023-07-15T11:16:38","date_gmt":"2023-07-15T09:16:38","guid":{"rendered":"https:\/\/rene-gaston-lagorre.fr\/?page_id=1749"},"modified":"2023-08-26T11:33:39","modified_gmt":"2023-08-26T09:33:39","slug":"chasse-et-chasseurs","status":"publish","type":"page","link":"https:\/\/rene-gaston-lagorre.fr\/index.php\/chasse-et-chasseurs\/","title":{"rendered":"Chasse et chasseurs"},"content":{"rendered":"<p>[vc_row][vc_column][vc_column_text]<\/p>\r\n<p class=\"has-small-font-size\">Comme la p\u00eache \u00e0 la truite, la chasse \u00e0 l\u2019isard a longtemps \u00e9t\u00e9 une activit\u00e9 des plus traditionnelles dans les hautes vall\u00e9es d\u2019Ari\u00e8ge. La splendeur des paysages, la s\u00e9r\u00e9nit\u00e9 des lieux, l\u2019abondance des torrents aux eaux cristallines n\u2019y sont \u00e9videmment pas pour rien\u00a0! Toutefois, longtemps la chasse et la p\u00eache r\u00e9pondaient surtout, dans un territoire enclav\u00e9 o\u00f9 r\u00e9gnait la mis\u00e8re, \u00e0 une n\u00e9cessit\u00e9, celle de se nourrir et de ce fait \u00e0 une promesse, celle de faire un bon repas. N\u2019en doutons pas, le peintre a connu ce type de difficult\u00e9s\u00a0 et n\u2019y \u00e9tait pas insensible\u00a0!<\/p>\r\n\r\n<p>Lagorre a crois\u00e9 maintes fois les chasseurs dans la montagne. Il d\u00e9cide de les repr\u00e9senter, y compris quand ils viennent \u00e0 croiser des bergers. Avec beaucoup de r\u00e9alisme, les chasseurs, souvent jeunes, sont peints dans le milieu montagnard et dans l\u2019accoutrement qui leur est propre. Lagorre les saisit sur sa toile en train de charger la b\u00eate morte \u00e0 dos d\u2019homme pour la redescendre dans la vall\u00e9e, buvant \u00e0 la r\u00e9galade apr\u00e8s la longue marche poursuite qui vient d\u2019avoir lieu, ou roulant une cigarette en compagnie de bergers crois\u00e9s en chemin. Instant de partage et signe d\u2019amiti\u00e9.<\/p>\r\n\r\n<p>Dans le grand jeu de la contrebande qui se d\u00e9roulait en Ari\u00e8ge \u00e0 cette \u00e9poque, la chasse \u00e0 l\u2019isard \u00e9tait aussi l\u2019occasion, sur le mode de la farce, de braconner au nez et \u00e0 la barbe de garde-champ\u00eatres cens\u00e9s surveiller ce type de trafic \u2026 \u00c9videmment, aujourd\u2019hui la chasse \u00e0 l\u2019isard n\u2019a que bien peu \u00e0 voir avec ce qui se passait alors : cadr\u00e9e, organis\u00e9e par les institutions, elle se d\u00e9roule sous surveillance contre une coquette somme d\u2019argent&#8230;<\/p>\r\n\r\n<p>Le peintre ne peut s\u2019emp\u00eacher d\u2019\u00eatre attir\u00e9 par cette \u00ab\u00a0<em>ch\u00e8vre des montagnes<\/em>\u00a0\u00bb, vive et malicieuse. Il nous en livre des \u00e9tudes particuli\u00e8rement r\u00e9alistes et r\u00e9ussies. Sensible \u00e0 sa robe aux couleurs multiples, \u00e0 son intelligence aussi qui rend souvent la marche d\u2019approche des chasseurs difficile et qui s\u2019av\u00e8re toujours \u00eatre une sorte de d\u00e9fi, le peintre repr\u00e9sente l\u2019isard dans son habitat montagnard, sur les parois rocheuses et vertigineuses non loin de l\u2019\u00e0-pic, au repos certes mais toujours attentif au danger malgr\u00e9 tout, tandis que l\u2019aigle tournoie sur les cimes, au-dessus de lui.<\/p>\r\n<p>[\/vc_column_text][\/vc_column][\/vc_row][vc_row][vc_column][vc_empty_space]<div class=\"edgt-portfolio-list-holder edgt-pl-gallery edgt-pl-normal-space edgt-pl-three-columns edgt-pl-standard-overlay light    edgt-pl-pag-no-pagination     \"  data-type=gallery data-space-between-items=normal data-number-of-items=-1 data-image-proportions=full data-enable-fixed-proportions=no data-enable-image-shadow=no data-category=chasseurs data-order-by=date data-order=ASC data-item-style=standard-overlay data-item-style-skin=light data-enable-title=yes data-title-tag=h4 data-title-text-transform=uppercase data-enable-category=yes data-enable-like=no data-enable-count-images=yes data-enable-excerpt=no data-excerpt-length=20 data-pagination-type=no-pagination data-filter=no data-filter-order-by=name data-enable-article-parallax-animation=no data-portfolio-slider-on=no data-enable-loop=yes data-enable-autoplay=yes data-slider-speed=5000 data-slider-speed-animation=600 data-enable-navigation=yes data-enable-pagination=yes data-max-num-pages=0 data-next-page=2>\n\t\t\n\t<div class=\"edgt-pl-inner  clearfix\">\n\t\t\n<article class=\"edgt-pl-item  post-14305 portfolio-item type-portfolio-item status-publish has-post-thumbnail hentry portfolio-category-chasseurs\">\n\t<div class=\"edgt-pl-item-inner\" >\n\t\t<div class=\"edgt-pli-image\">\n\t\t\t<img width=\"881\" height=\"1080\" src=\"https:\/\/rene-gaston-lagorre.fr\/wp-content\/uploads\/2023\/07\/16.Chasseurs-disards-HST.1974.-61x50cm.12F.webp\" class=\"attachment-full size-full wp-post-image\" alt=\"Chasseurs d&#039;isards\" decoding=\"async\" loading=\"lazy\" srcset=\"https:\/\/rene-gaston-lagorre.fr\/wp-content\/uploads\/2023\/07\/16.Chasseurs-disards-HST.1974.-61x50cm.12F.webp 881w, https:\/\/rene-gaston-lagorre.fr\/wp-content\/uploads\/2023\/07\/16.Chasseurs-disards-HST.1974.-61x50cm.12F-600x736.webp 600w, https:\/\/rene-gaston-lagorre.fr\/wp-content\/uploads\/2023\/07\/16.Chasseurs-disards-HST.1974.-61x50cm.12F-245x300.webp 245w, https:\/\/rene-gaston-lagorre.fr\/wp-content\/uploads\/2023\/07\/16.Chasseurs-disards-HST.1974.-61x50cm.12F-835x1024.webp 835w, https:\/\/rene-gaston-lagorre.fr\/wp-content\/uploads\/2023\/07\/16.Chasseurs-disards-HST.1974.-61x50cm.12F-768x941.webp 768w\" sizes=\"(max-width: 881px) 100vw, 881px\" \/>\t\t<\/div>\n<div class=\"edgt-pli-text-holder\">\n\t<div class=\"edgt-pli-text-wrapper\">\n\t\t<div class=\"edgt-pli-text\">\n\t\t\t\t<h4 itemprop=\"name\" class=\"edgt-pli-title entry-title\" style=\"text-transform: uppercase\">\n\t\tChasse et chasseurs\t<\/h4>\n\n\t\t\t\t\t<div class=\"edgt-pli-category-holder\">\n\t\t\t\t\t\t\t<a itemprop=\"url\" class=\"edgt-pli-category\" href=\"https:\/\/rene-gaston-lagorre.fr\/index.php\/portfolio-category\/chasseurs\/\">\"chasseurs\"<\/a>\n\t\t\t\t\t<\/div>\n\t\n\t\t\t    <div class=\"edgt-gli-number-of-images-holder\" >\n        <span>28 pics.<\/span>\n    <\/div>\n\n\n\t\t\t\t\t<\/div>\n\t<\/div>\n<\/div>\t\t\n\t\t<a itemprop=\"url\" class=\"edgt-pli-link edgt-block-drag-link\" href=\"https:\/\/rene-gaston-lagorre.fr\/index.php\/portfolio-item\/chasseurs\/\" target=\"_self\"><\/a>\n\t<\/div>\n<\/article>\t<\/div>\n\t\n\t<\/div>[vc_empty_space][\/vc_column][\/vc_row]<\/p>","protected":false},"excerpt":{"rendered":"<p>[vc_row][vc_column][vc_column_text] Comme la p\u00eache \u00e0 la truite, la chasse \u00e0 l\u2019isard a longtemps \u00e9t\u00e9 une activit\u00e9 des plus traditionnelles dans les hautes vall\u00e9es d\u2019Ari\u00e8ge. La splendeur des paysages, la s\u00e9r\u00e9nit\u00e9 des lieux, l\u2019abondance des torrents aux eaux cristallines n\u2019y sont \u00e9videmment pas pour rien\u00a0! Toutefois, longtemps [&hellip;]<\/p>\n","protected":false},"author":1,"featured_media":0,"parent":0,"menu_order":0,"comment_status":"closed","ping_status":"closed","template":"","meta":[],"_links":{"self":[{"href":"https:\/\/rene-gaston-lagorre.fr\/index.php\/wp-json\/wp\/v2\/pages\/1749"}],"collection":[{"href":"https:\/\/rene-gaston-lagorre.fr\/index.php\/wp-json\/wp\/v2\/pages"}],"about":[{"href":"https:\/\/rene-gaston-lagorre.fr\/index.php\/wp-json\/wp\/v2\/types\/page"}],"author":[{"embeddable":true,"href":"https:\/\/rene-gaston-lagorre.fr\/index.php\/wp-json\/wp\/v2\/users\/1"}],"replies":[{"embeddable":true,"href":"https:\/\/rene-gaston-lagorre.fr\/index.php\/wp-json\/wp\/v2\/comments?post=1749"}],"version-history":[{"count":4,"href":"https:\/\/rene-gaston-lagorre.fr\/index.php\/wp-json\/wp\/v2\/pages\/1749\/revisions"}],"predecessor-version":[{"id":14556,"href":"https:\/\/rene-gaston-lagorre.fr\/index.php\/wp-json\/wp\/v2\/pages\/1749\/revisions\/14556"}],"wp:attachment":[{"href":"https:\/\/rene-gaston-lagorre.fr\/index.php\/wp-json\/wp\/v2\/media?parent=1749"}],"curies":[{"name":"wp","href":"https:\/\/api.w.org\/{rel}","templated":true}]}}